{"id":1039,"date":"2020-08-23T17:36:32","date_gmt":"2020-08-23T15:36:32","guid":{"rendered":"https:\/\/auf-reede-greetsiel.de\/?page_id=1039"},"modified":"2020-08-23T17:36:33","modified_gmt":"2020-08-23T15:36:33","slug":"waloseum","status":"publish","type":"page","link":"https:\/\/auf-reede-greetsiel.de\/?page_id=1039","title":{"rendered":"Waloseum"},"content":{"rendered":"\n<p>2002 wurde im Geb\u00e4ude der ehemaligen K\u00fcstenfunkstelle &#8222;Norddeich Radio&#8220; eine Quarant\u00e4nestation f\u00fcr Meeress\u00e4uger eingerichtet. <br>Im Jahr 2003 strandete ein 15m langer Pottwal vor Norderney und sein Skelett bekam in diesem Geb\u00e4ude ein neues Zuhause. So bekam das dort entstandene meeresbiologische Erlebniszentrum seinen Namen: &#8222;Waloseum&#8220;.<br>Hier wird die Tierwelt der Nordsee anschaulich erkl\u00e4rt. Verschiedene Ausstellungen \u00fcber die V\u00f6gel an der Nordseek\u00fcste und die Unterwasser-Tierwelt (nat\u00fcrlich insbesondere die der Wale) begeistern die interessierten Besucher.<\/p>\n","protected":false},"excerpt":{"rendered":"<p>2002 wurde im Geb\u00e4ude der ehemaligen K\u00fcstenfunkstelle &#8222;Norddeich Radio&#8220; eine Quarant\u00e4nestation f\u00fcr Meeress\u00e4uger eingerichtet. Im Jahr 2003 strandete ein 15m langer Pottwal vor Norderney und sein Skelett bekam in diesem Geb\u00e4ude ein neues Zuhause. So bekam das dort entstandene meeresbiologische<\/p>\n","protected":false},"author":2,"featured_media":0,"parent":0,"menu_order":0,"comment_status":"closed","ping_status":"closed","template":"","meta":{"footnotes":""},"class_list":["post-1039","page","type-page","status-publish","hentry"],"_links":{"self":[{"href":"https:\/\/auf-reede-greetsiel.de\/index.php?rest_route=\/wp\/v2\/pages\/1039","targetHints":{"allow":["GET"]}}],"collection":[{"href":"https:\/\/auf-reede-greetsiel.de\/index.php?rest_route=\/wp\/v2\/pages"}],"about":[{"href":"https:\/\/auf-reede-greetsiel.de\/index.php?rest_route=\/wp\/v2\/types\/page"}],"author":[{"embeddable":true,"href":"https:\/\/auf-reede-greetsiel.de\/index.php?rest_route=\/wp\/v2\/users\/2"}],"replies":[{"embeddable":true,"href":"https:\/\/auf-reede-greetsiel.de\/index.php?rest_route=%2Fwp%2Fv2%2Fcomments&post=1039"}],"version-history":[{"count":1,"href":"https:\/\/auf-reede-greetsiel.de\/index.php?rest_route=\/wp\/v2\/pages\/1039\/revisions"}],"predecessor-version":[{"id":1040,"href":"https:\/\/auf-reede-greetsiel.de\/index.php?rest_route=\/wp\/v2\/pages\/1039\/revisions\/1040"}],"wp:attachment":[{"href":"https:\/\/auf-reede-greetsiel.de\/index.php?rest_route=%2Fwp%2Fv2%2Fmedia&parent=1039"}],"curies":[{"name":"wp","href":"https:\/\/api.w.org\/{rel}","templated":true}]}}