{"id":176,"date":"2019-04-11T20:10:59","date_gmt":"2019-04-11T20:10:59","guid":{"rendered":"http:\/\/auf-reede-greetsiel.de\/?page_id=176"},"modified":"2024-09-21T16:22:24","modified_gmt":"2024-09-21T14:22:24","slug":"ausstattung","status":"publish","type":"page","link":"https:\/\/auf-reede-greetsiel.de\/?page_id=176","title":{"rendered":"Ausstattung"},"content":{"rendered":"<div id=\"pl-176\"  class=\"panel-layout\" ><div id=\"pg-176-0\"  class=\"panel-grid panel-no-style\" ><div id=\"pgc-176-0-0\"  class=\"panel-grid-cell\" ><div id=\"panel-176-0-0-0\" class=\"so-panel widget widget_text panel-first-child panel-last-child\" data-index=\"0\" ><h3 class=\"widget-title\">Erdgeschoss<\/h3>\t\t\t<div class=\"textwidget\"><\/div>\n\t\t<\/div><\/div><\/div><div id=\"pg-176-1\"  class=\"panel-grid panel-no-style\" ><div id=\"pgc-176-1-0\"  class=\"panel-grid-cell\" ><div id=\"panel-176-1-0-0\" class=\"so-panel widget widget_text panel-first-child\" data-index=\"1\" ><h3 class=\"widget-title\">Wohnbereich<\/h3>\t\t\t<div class=\"textwidget\"><ul>\n<li>Sitzgruppe mit 2 Sofas und Couchtisch<\/li>\n<li>55 Zoll SAT TV mit HD+<\/li>\n<li>Hifi-Anlage<\/li>\n<li>BluRay-Player<\/li>\n<li>Spielekonsole PlayStation 4<\/li>\n<li>AppleTV<\/li>\n<li>Auswahl an DVDs<\/li>\n<li>Gesellschaftspiele und B\u00fccher<\/li>\n<li>Karten, Prospekte und Ausflugtipps<\/li>\n<li>Esstisch mit 4 St\u00fchlen<\/li>\n<li>Schreibecke mit Tisch und Stuhl<\/li>\n<li>Kaminofen<\/li>\n<li>Terrassent\u00fcr mit Zugang zum Garten<\/li>\n<li>Insektenschutzgitter<\/li>\n<\/ul>\n<\/div>\n\t\t<\/div><div id=\"panel-176-1-0-1\" class=\"so-panel widget widget_text panel-last-child\" data-index=\"2\" ><h3 class=\"widget-title\">Flur<\/h3>\t\t\t<div class=\"textwidget\"><ul>\n<li>Garderobe<\/li>\n<li>Schuhregal<\/li>\n<li>Abstellfl\u00e4che f\u00fcr Koffer, Kinderwagen, etc.<\/li>\n<\/ul>\n<\/div>\n\t\t<\/div><\/div><div id=\"pgc-176-1-1\"  class=\"panel-grid-cell\" ><div id=\"panel-176-1-1-0\" class=\"so-panel widget widget_text panel-first-child panel-last-child\" data-index=\"3\" ><h3 class=\"widget-title\">K\u00fcche<\/h3>\t\t\t<div class=\"textwidget\"><ul>\n<li>Induktionskochfeld mit 4 Zonen<\/li>\n<li>Backofen<\/li>\n<li>Mikrowelle mit Grill<\/li>\n<li>Geschirrsp\u00fclmaschine<\/li>\n<li>K\u00fchlschrank mit separatem Gefrierfach<\/li>\n<li>Dunstabzugshaube<\/li>\n<li>Kaffeemaschine<\/li>\n<li>Kapselmaschine (Nespresso)<\/li>\n<li>Toaster<\/li>\n<li>Eierkocher<\/li>\n<li>Stabmixer<\/li>\n<li>Handr\u00fchrger\u00e4t<\/li>\n<li>Wasserkocher<\/li>\n<li>Fondue-Set<\/li>\n<li>K\u00fcchenwaage<\/li>\n<li>Besteck, Geschirr und Gl\u00e4ser<\/li>\n<li>T\u00f6pfe und Pfannen<\/li>\n<li>Diverse Backformen<\/li>\n<li>Weiteres K\u00fcchenzubeh\u00f6r<\/li>\n<li>K\u00fcchenhandt\u00fccher<\/li>\n<li>Auswahl an Gew\u00fcrzen<\/li>\n<li>Esstisch und -st\u00fchle f\u00fcr 2 Personen<\/li>\n<li>Kinderhochstuhl (auf Wunsch)<\/li>\n<li>Internetradio<\/li>\n<li>Insektenschutzgitter<\/li>\n<\/ul>\n<\/div>\n\t\t<\/div><\/div><\/div><div id=\"pg-176-2\"  class=\"panel-grid panel-no-style\" ><div id=\"pgc-176-2-0\"  class=\"panel-grid-cell\" ><div id=\"panel-176-2-0-0\" class=\"so-panel widget widget_text panel-first-child panel-last-child\" data-index=\"4\" ><h3 class=\"widget-title\">Bad<\/h3>\t\t\t<div class=\"textwidget\"><ul>\n<li>Dusche mit Ganzglasduschabtrennung und tiefem Einstieg<\/li>\n<li>WC<\/li>\n<li>Waschtisch mit Unterschrank<\/li>\n<li>Beleuchteter Spiegel<\/li>\n<li>Kosmetikspiegel<\/li>\n<li>Haartrockner<\/li>\n<li>Fenster mit Insektenschutzgitter<\/li>\n<li>Verbandskasten<\/li>\n<li>Handtuchw\u00e4rmer<\/li>\n<\/ul>\n<\/div>\n\t\t<\/div><\/div><div id=\"pgc-176-2-1\"  class=\"panel-grid-cell\" ><div id=\"panel-176-2-1-0\" class=\"so-panel widget widget_text panel-first-child panel-last-child\" data-index=\"5\" ><h3 class=\"widget-title\">Hauswirtschaftsraum<\/h3>\t\t\t<div class=\"textwidget\"><ul>\n<li>Waschmaschine<\/li>\n<li>W\u00e4schetrockner<\/li>\n<li>W\u00e4schest\u00e4nder<\/li>\n<li>B\u00fcgeleisen und -brett<\/li>\n<li>Staubsauger<\/li>\n<li>Akku-Staubsauger<\/li>\n<li>Reinigungsmittel<\/li>\n<li>Abstellm\u00f6glichkeit f\u00fcr Getr\u00e4nkekisten etc.<\/li>\n<\/ul>\n<\/div>\n\t\t<\/div><\/div><\/div><div id=\"pg-176-3\"  class=\"panel-grid panel-no-style\" ><div id=\"pgc-176-3-0\"  class=\"panel-grid-cell\" ><div id=\"panel-176-3-0-0\" class=\"so-panel widget widget_text panel-first-child panel-last-child\" data-index=\"6\" ><h3 class=\"widget-title\">Obergeschoss<\/h3>\t\t\t<div class=\"textwidget\"><\/div>\n\t\t<\/div><\/div><\/div><div id=\"pg-176-4\"  class=\"panel-grid panel-no-style\" ><div id=\"pgc-176-4-0\"  class=\"panel-grid-cell\" ><div id=\"panel-176-4-0-0\" class=\"so-panel widget widget_text panel-first-child panel-last-child\" data-index=\"7\" ><h3 class=\"widget-title\">Schlafzimmer 1<\/h3>\t\t\t<div class=\"textwidget\"><ul>\n<li>Doppelbett 200 cm x 200 cm<\/li>\n<li>2 Federkernmatratzen 7-Zonen mittelfest (H2-H3)<\/li>\n<li>Verstellbare Lattenroste (Kopf- und Fu\u00dfteil)<\/li>\n<li>Kopfkissen und Oberbetten (Komfortgr\u00f6\u00dfe 155 cm x 220 cm)<\/li>\n<li>Encasings (Milbenschutzbez\u00fcge) f\u00fcr Matratze, Oberbett und Kissen<\/li>\n<li>Nachttische mit Leselampen<\/li>\n<li>Kleiderschrank mit Innenbeleuchtung<\/li>\n<li>Safe<\/li>\n<li>Kleiderkommode<\/li>\n<li>2 Cocktailsessel<\/li>\n<li>43 Zoll SAT TV<\/li>\n<li>Klimaanlage<\/li>\n<li>Reisekinderbett (auf Wunsch)<\/li>\n<li>Rolllade<\/li>\n<li>Fenster mit Insektenschutzgitter<\/li>\n<\/ul>\n<\/div>\n\t\t<\/div><\/div><div id=\"pgc-176-4-1\"  class=\"panel-grid-cell\" ><div id=\"panel-176-4-1-0\" class=\"so-panel widget widget_text panel-first-child panel-last-child\" data-index=\"8\" ><h3 class=\"widget-title\">Schlafzimmer 2<\/h3>\t\t\t<div class=\"textwidget\"><ul>\n<li>2 Einzelbetten 100 cm x 200 cm<\/li>\n<li>2 Federkernmatratzen 7-Zonen mittelfest (H2-H3)<\/li>\n<li>Verstellbare Lattenroste (Kopf- und Fu\u00dfteil)<\/li>\n<li>Kopfkissen und Oberbetten (Komfortgr\u00f6\u00dfe 155 cm x 220 cm)<\/li>\n<li>Encasings (Milbenschutzbez\u00fcge) f\u00fcr Matratze, Oberbett und Kissen<\/li>\n<li>Nachttisch mit Leselampen<\/li>\n<li>Klimaanlage<\/li>\n<li>1 Cocktailsessel<\/li>\n<li>Rolllade<\/li>\n<li>Fenster mit Insektenschutzgitter<\/li>\n<li>Diverses Kinderspielzeug<\/li>\n<li>CD-\/Radio-Player<\/li>\n<li>H\u00f6rb\u00fccher<\/li>\n<li>Kinderb\u00fccher \/ Comics<\/li>\n<\/ul>\n<\/div>\n\t\t<\/div><\/div><\/div><div id=\"pg-176-5\"  class=\"panel-grid panel-no-style\" ><div id=\"pgc-176-5-0\"  class=\"panel-grid-cell\" ><div id=\"panel-176-5-0-0\" class=\"so-panel widget widget_text panel-first-child panel-last-child\" data-index=\"9\" ><h3 class=\"widget-title\">WC<\/h3>\t\t\t<div class=\"textwidget\"><ul>\n<li>WC<\/li>\n<li>Waschtisch mit Unterschrank<\/li>\n<li>Beleuchteter Spiegel<\/li>\n<li>Handtuchw\u00e4rmer<\/li>\n<\/ul>\n<\/div>\n\t\t<\/div><\/div><div id=\"pgc-176-5-1\"  class=\"panel-grid-cell\" ><div id=\"panel-176-5-1-0\" class=\"so-panel widget widget_text panel-first-child panel-last-child\" data-index=\"10\" ><h3 class=\"widget-title\">Flur<\/h3>\t\t\t<div class=\"textwidget\"><ul>\n<li>Einbaukleiderschrank<\/li>\n<\/ul>\n<\/div>\n\t\t<\/div><\/div><\/div><div id=\"pg-176-6\"  class=\"panel-grid panel-no-style\" ><div id=\"pgc-176-6-0\"  class=\"panel-grid-cell\" ><div id=\"panel-176-6-0-0\" class=\"so-panel widget widget_text panel-first-child panel-last-child\" data-index=\"11\" ><h3 class=\"widget-title\">Sonstiges<\/h3>\t\t\t<div class=\"textwidget\"><\/div>\n\t\t<\/div><\/div><\/div><div id=\"pg-176-7\"  class=\"panel-grid panel-no-style\" ><div id=\"pgc-176-7-0\"  class=\"panel-grid-cell\" ><div id=\"panel-176-7-0-0\" class=\"so-panel widget widget_text panel-first-child panel-last-child\" data-index=\"12\" ><h3 class=\"widget-title\">Garten<\/h3>\t\t\t<div class=\"textwidget\"><ul>\n<li>Terrasse<\/li>\n<li>Pergola<\/li>\n<li>Gartentisch und -st\u00fchle<\/li>\n<li>Sonnenschirm<\/li>\n<li>Strandkorb<\/li>\n<li>Freisitz<\/li>\n<li>Liegewiese<\/li>\n<li>Sonnenliegen<\/li>\n<li>Fahrradabstellm\u00f6glichkeit im abschlie\u00dfbaren Gartenhaus<\/li>\n<li>Holzkohlegrill mit Grillzubeh\u00f6r<\/li>\n<li>Umz\u00e4unter Garten<\/li>\n<\/ul>\n<\/div>\n\t\t<\/div><\/div><div id=\"pgc-176-7-1\"  class=\"panel-grid-cell\" ><div id=\"panel-176-7-1-0\" class=\"so-panel widget widget_text panel-first-child panel-last-child\" data-index=\"13\" ><h3 class=\"widget-title\">Allgemein<\/h3>\t\t\t<div class=\"textwidget\"><ul>\n<li>Bettw\u00e4sche und Handt\u00fccher<\/li>\n<li>Glasfaser-Internetanschluss<\/li>\n<li>Kostenloses WLAN (im gesamten Haus verf\u00fcgbar)<\/li>\n<li>Rauchmelder in allen Wohnr\u00e4umen<\/li>\n<li>Gas-Zentralheizung mit Warmwasseraufbereitung<\/li>\n<li>2 PKW-Parkpl\u00e4tze auf dem Grundst\u00fcck<\/li>\n<li>Ladestation f\u00fcr Elektroautos (Heidelberg Wallbox Home Eco 11kW \/ Stecker Typ 2)<\/li>\n<\/ul>\n<\/div>\n\t\t<\/div><\/div><\/div><\/div>","protected":false},"excerpt":{"rendered":"<p>Sitzgruppe mit 2 Sofas und Couchtisch 55 Zoll SAT TV mit HD+ Hifi-Anlage BluRay-Player Spielekonsole PlayStation 4 AppleTV Auswahl an DVDs Gesellschaftspiele und B\u00fccher Karten, Prospekte und Ausflugtipps Esstisch mit 4 St\u00fchlen Schreibecke mit Tisch und Stuhl Kaminofen Terrassent\u00fcr mit<\/p>\n","protected":false},"author":1,"featured_media":0,"parent":0,"menu_order":0,"comment_status":"closed","ping_status":"closed","template":"","meta":{"footnotes":""},"class_list":["post-176","page","type-page","status-publish","hentry"],"_links":{"self":[{"href":"https:\/\/auf-reede-greetsiel.de\/index.php?rest_route=\/wp\/v2\/pages\/176","targetHints":{"allow":["GET"]}}],"collection":[{"href":"https:\/\/auf-reede-greetsiel.de\/index.php?rest_route=\/wp\/v2\/pages"}],"about":[{"href":"https:\/\/auf-reede-greetsiel.de\/index.php?rest_route=\/wp\/v2\/types\/page"}],"author":[{"embeddable":true,"href":"https:\/\/auf-reede-greetsiel.de\/index.php?rest_route=\/wp\/v2\/users\/1"}],"replies":[{"embeddable":true,"href":"https:\/\/auf-reede-greetsiel.de\/index.php?rest_route=%2Fwp%2Fv2%2Fcomments&post=176"}],"version-history":[{"count":36,"href":"https:\/\/auf-reede-greetsiel.de\/index.php?rest_route=\/wp\/v2\/pages\/176\/revisions"}],"predecessor-version":[{"id":1967,"href":"https:\/\/auf-reede-greetsiel.de\/index.php?rest_route=\/wp\/v2\/pages\/176\/revisions\/1967"}],"wp:attachment":[{"href":"https:\/\/auf-reede-greetsiel.de\/index.php?rest_route=%2Fwp%2Fv2%2Fmedia&parent=176"}],"curies":[{"name":"wp","href":"https:\/\/api.w.org\/{rel}","templated":true}]}}