{"id":30,"date":"2019-03-19T21:19:18","date_gmt":"2019-03-19T21:19:18","guid":{"rendered":"http:\/\/auf-reede-greetsiel.de\/?page_id=30"},"modified":"2026-03-11T08:29:33","modified_gmt":"2026-03-11T07:29:33","slug":"willkommen-auf-reede","status":"publish","type":"page","link":"https:\/\/auf-reede-greetsiel.de\/","title":{"rendered":"Willkommen Auf Reede!"},"content":{"rendered":"\n<div class=\"wp-block-media-text alignwide is-stacked-on-mobile\"><figure class=\"wp-block-media-text__media\"><img loading=\"lazy\" decoding=\"async\" width=\"1024\" height=\"793\" src=\"https:\/\/auf-reede-greetsiel.de\/wp-content\/uploads\/2021\/01\/IMG_1524-2-1024x793.jpeg\" alt=\"\" class=\"wp-image-1109 size-full\" srcset=\"https:\/\/auf-reede-greetsiel.de\/wp-content\/uploads\/2021\/01\/IMG_1524-2-1024x793.jpeg 1024w, https:\/\/auf-reede-greetsiel.de\/wp-content\/uploads\/2021\/01\/IMG_1524-2-300x232.jpeg 300w, https:\/\/auf-reede-greetsiel.de\/wp-content\/uploads\/2021\/01\/IMG_1524-2-768x595.jpeg 768w, https:\/\/auf-reede-greetsiel.de\/wp-content\/uploads\/2021\/01\/IMG_1524-2-1536x1189.jpeg 1536w, https:\/\/auf-reede-greetsiel.de\/wp-content\/uploads\/2021\/01\/IMG_1524-2-2048x1586.jpeg 2048w\" sizes=\"auto, (max-width: 1024px) 100vw, 1024px\" \/><\/figure><div class=\"wp-block-media-text__content\">\n<p class=\"has-large-font-size\">Willkommen <em>Auf Reede<\/em> in Greetsiel!<\/p>\n\n\n\n<p>Nur 70 Meter vom Deich entfernt erwartet Sie unser freistehendes Ferienhaus \u2013 ruhig gelegen, modern ausgestattet und im April 2025 erneut mit 5 Sternen vom Deutschen Tourismusverband ausgezeichnet.<br><br>Auf 85 m\u00b2 finden bis zu 4 Personen alles, was sie f\u00fcr einen erholsamen Urlaub an der Nordsee brauchen. Drau\u00dfen wartet das Wattenmeer, der Deich und das malerische Krabbenfischerdorf Greetsiel \u2013 fu\u00dfl\u00e4ufig, ohne Umweg, einfach los.<br><br>Das Haus wurde bewusst allergikerfreundlich eingerichtet. Damit auch empfindliche G\u00e4ste unbeschwert Urlaub machen k\u00f6nnen, bitten wir Sie herzlich, auf Rauchen und die Mitnahme von Haustieren zu verzichten. <br><br>F\u00fcr G\u00e4ste mit Elektroauto steht selbstverst\u00e4ndlich eine Ladestation direkt am Haus zur Verf\u00fcgung \u2013 nachhaltig reisen und trotzdem komfortabel ankommen.<br><br>Wir freuen uns darauf, Sie bald begr\u00fc\u00dfen zu d\u00fcrfen.<br><br><em>Martin und Sabine Huhmann<\/em>, Ihre Gastgeber <em>Auf Reede<\/em><\/p>\n\n\n\n<p><\/p>\n<\/div><\/div>\n","protected":false},"excerpt":{"rendered":"<p>Willkommen Auf Reede in Greetsiel! Nur 70 Meter vom Deich entfernt erwartet Sie unser freistehendes Ferienhaus \u2013 ruhig gelegen, modern ausgestattet und im April 2025 erneut mit 5 Sternen vom Deutschen Tourismusverband ausgezeichnet. Auf 85 m\u00b2 finden bis zu 4<\/p>\n","protected":false},"author":1,"featured_media":0,"parent":0,"menu_order":0,"comment_status":"closed","ping_status":"closed","template":"","meta":{"footnotes":""},"class_list":["post-30","page","type-page","status-publish","hentry"],"_links":{"self":[{"href":"https:\/\/auf-reede-greetsiel.de\/index.php?rest_route=\/wp\/v2\/pages\/30","targetHints":{"allow":["GET"]}}],"collection":[{"href":"https:\/\/auf-reede-greetsiel.de\/index.php?rest_route=\/wp\/v2\/pages"}],"about":[{"href":"https:\/\/auf-reede-greetsiel.de\/index.php?rest_route=\/wp\/v2\/types\/page"}],"author":[{"embeddable":true,"href":"https:\/\/auf-reede-greetsiel.de\/index.php?rest_route=\/wp\/v2\/users\/1"}],"replies":[{"embeddable":true,"href":"https:\/\/auf-reede-greetsiel.de\/index.php?rest_route=%2Fwp%2Fv2%2Fcomments&post=30"}],"version-history":[{"count":19,"href":"https:\/\/auf-reede-greetsiel.de\/index.php?rest_route=\/wp\/v2\/pages\/30\/revisions"}],"predecessor-version":[{"id":2308,"href":"https:\/\/auf-reede-greetsiel.de\/index.php?rest_route=\/wp\/v2\/pages\/30\/revisions\/2308"}],"wp:attachment":[{"href":"https:\/\/auf-reede-greetsiel.de\/index.php?rest_route=%2Fwp%2Fv2%2Fmedia&parent=30"}],"curies":[{"name":"wp","href":"https:\/\/api.w.org\/{rel}","templated":true}]}}