{"id":771,"date":"2019-07-28T11:51:54","date_gmt":"2019-07-28T11:51:54","guid":{"rendered":"https:\/\/auf-reede-greetsiel.de\/?page_id=771"},"modified":"2019-07-28T11:53:11","modified_gmt":"2019-07-28T11:53:11","slug":"schlosspark-luetetsburg","status":"publish","type":"page","link":"https:\/\/auf-reede-greetsiel.de\/?page_id=771","title":{"rendered":"Schlosspark L\u00fctetsburg"},"content":{"rendered":"<div id=\"metaslider-id-773\" style=\"width: 100%;\" class=\"ml-slider-3-98-0 metaslider metaslider-nivo metaslider-773 ml-slider ms-theme-blend has-dots-nav\" role=\"region\" aria-roledescription=\"Slideshow\" aria-label=\"Luetetsburg\" data-width=\"700\">\n    <div id=\"metaslider_container_773\">\n        <div class='slider-wrapper theme-default'><div class='ribbon'><\/div><div id='metaslider_773' class='nivoSlider'><img loading=\"lazy\" decoding=\"async\" width=\"2000\" height=\"1500\" src=\"https:\/\/auf-reede-greetsiel.de\/wp-content\/uploads\/2019\/07\/IMG_1283-e1562699733810.jpeg\" class=\"slider-773 slide-777\" alt=\"\" data-caption=\"\" data-thumb=\"\" title=\"IMG_1283\" rel=\"\" \/><img loading=\"lazy\" decoding=\"async\" width=\"2000\" height=\"1500\" src=\"https:\/\/auf-reede-greetsiel.de\/wp-content\/uploads\/2019\/07\/CIMG8336-e1562699632133.jpeg\" class=\"slider-773 slide-774\" alt=\"\" data-caption=\"\" data-thumb=\"\" title=\"CIMG8336\" rel=\"\" \/><img loading=\"lazy\" decoding=\"async\" width=\"2000\" height=\"1500\" src=\"https:\/\/auf-reede-greetsiel.de\/wp-content\/uploads\/2019\/07\/CIMG8357-e1562699702935.jpg\" class=\"slider-773 slide-776\" alt=\"\" data-caption=\"\" data-thumb=\"\" title=\"CIMG8357\" rel=\"\" \/><img loading=\"lazy\" decoding=\"async\" width=\"2000\" height=\"1500\" src=\"https:\/\/auf-reede-greetsiel.de\/wp-content\/uploads\/2019\/07\/IMG_1282-e1562699763678.jpeg\" class=\"slider-773 slide-778\" alt=\"\" data-caption=\"\" data-thumb=\"\" title=\"IMG_1282\" rel=\"\" \/><img loading=\"lazy\" decoding=\"async\" width=\"2000\" height=\"1500\" src=\"https:\/\/auf-reede-greetsiel.de\/wp-content\/uploads\/2019\/07\/IMG_1274-e1562699795246.jpeg\" class=\"slider-773 slide-779\" alt=\"\" data-caption=\"\" data-thumb=\"\" title=\"IMG_1274\" rel=\"\" \/><\/div><\/div>\n        \n    <\/div>\n<\/div>\n\n\n\n<p><br>Der Schlosspark L\u00fctetsburg ist mit seinen ca. 30 Hektar heute der gr\u00f6\u00dfte private englische Landschaftsgarten in Norddeutschland. Ein Spaziergang durch den weitl\u00e4ufigen, wundersch\u00f6n angelegten Park lohnt sich jederzeit &#8211; insbesondere jedoch zur Zeit der Rhododendronbl\u00fcte, wenn die Natur ihre berauschende Farbenpracht zeigt.<br>\u00d6ffnungszeiten und Eintrittspreise finden Sie <a href=\"https:\/\/www.schlosspark-luetetsburg.com\/de\/kontakt\/zeiten-preise\/\">hier<\/a>.<\/p>\n","protected":false},"excerpt":{"rendered":"<p>Der Schlosspark L\u00fctetsburg ist mit seinen ca. 30 Hektar heute der gr\u00f6\u00dfte private englische Landschaftsgarten in Norddeutschland. Ein Spaziergang durch den weitl\u00e4ufigen, wundersch\u00f6n angelegten Park lohnt sich jederzeit &#8211; insbesondere jedoch zur Zeit der Rhododendronbl\u00fcte, wenn die Natur ihre berauschende<\/p>\n","protected":false},"author":1,"featured_media":0,"parent":0,"menu_order":0,"comment_status":"closed","ping_status":"closed","template":"","meta":{"footnotes":""},"class_list":["post-771","page","type-page","status-publish","hentry"],"_links":{"self":[{"href":"https:\/\/auf-reede-greetsiel.de\/index.php?rest_route=\/wp\/v2\/pages\/771","targetHints":{"allow":["GET"]}}],"collection":[{"href":"https:\/\/auf-reede-greetsiel.de\/index.php?rest_route=\/wp\/v2\/pages"}],"about":[{"href":"https:\/\/auf-reede-greetsiel.de\/index.php?rest_route=\/wp\/v2\/types\/page"}],"author":[{"embeddable":true,"href":"https:\/\/auf-reede-greetsiel.de\/index.php?rest_route=\/wp\/v2\/users\/1"}],"replies":[{"embeddable":true,"href":"https:\/\/auf-reede-greetsiel.de\/index.php?rest_route=%2Fwp%2Fv2%2Fcomments&post=771"}],"version-history":[{"count":5,"href":"https:\/\/auf-reede-greetsiel.de\/index.php?rest_route=\/wp\/v2\/pages\/771\/revisions"}],"predecessor-version":[{"id":794,"href":"https:\/\/auf-reede-greetsiel.de\/index.php?rest_route=\/wp\/v2\/pages\/771\/revisions\/794"}],"wp:attachment":[{"href":"https:\/\/auf-reede-greetsiel.de\/index.php?rest_route=%2Fwp%2Fv2%2Fmedia&parent=771"}],"curies":[{"name":"wp","href":"https:\/\/api.w.org\/{rel}","templated":true}]}}