{"id":784,"date":"2019-07-28T10:50:50","date_gmt":"2019-07-28T10:50:50","guid":{"rendered":"https:\/\/auf-reede-greetsiel.de\/?page_id=784"},"modified":"2019-07-28T10:50:51","modified_gmt":"2019-07-28T10:50:51","slug":"seehundstation-norddeich","status":"publish","type":"page","link":"https:\/\/auf-reede-greetsiel.de\/?page_id=784","title":{"rendered":"Seehundstation Norddeich"},"content":{"rendered":"\n<p>In der Seehundstation werden j\u00e4hrlich zwischen 80 und 150 verwaiste Seehundwelpen und Kegelrobben gro\u00dfgezogen, bis sie wieder in die Nordsee zur\u00fcckgebracht werden k\u00f6nnen. Tr\u00e4ger ist der \u201eVerein zur Erforschung und Erhaltung des Seehundes e.V.\u201c.<\/p>\n\n\n\n<p>Besucher k\u00f6nnen hier durch Glasscheiben die F\u00fctterung der Tiere und ihre Schwimmk\u00fcnste beobachten. In der Erlebnis-Ausstellung rund um ihren Lebensraum gibt es dar\u00fcber hinaus spannende Informationen \u00fcber die Vielzahl von Lebewesen im Nationalpark Nieders\u00e4chsisches Wattenmeer.<\/p>\n\n\n\n<figure class=\"wp-block-image\"><img loading=\"lazy\" decoding=\"async\" width=\"1024\" height=\"768\" src=\"https:\/\/auf-reede-greetsiel.de\/wp-content\/uploads\/2019\/07\/IMG_0005-1-1024x768.jpg\" alt=\"\" class=\"wp-image-699\" srcset=\"https:\/\/auf-reede-greetsiel.de\/wp-content\/uploads\/2019\/07\/IMG_0005-1-1024x768.jpg 1024w, https:\/\/auf-reede-greetsiel.de\/wp-content\/uploads\/2019\/07\/IMG_0005-1-300x225.jpg 300w, https:\/\/auf-reede-greetsiel.de\/wp-content\/uploads\/2019\/07\/IMG_0005-1-768x576.jpg 768w, https:\/\/auf-reede-greetsiel.de\/wp-content\/uploads\/2019\/07\/IMG_0005-1.jpg 2048w\" sizes=\"auto, (max-width: 1024px) 100vw, 1024px\" \/><\/figure>\n\n\n\n<p><a href=\"http:\/\/www.seehundstation-norddeich.de\">http:\/\/www.seehundstation-norddeich.de<\/a><\/p>\n","protected":false},"excerpt":{"rendered":"<p>In der Seehundstation werden j\u00e4hrlich zwischen 80 und 150 verwaiste Seehundwelpen und Kegelrobben gro\u00dfgezogen, bis sie wieder in die Nordsee zur\u00fcckgebracht werden k\u00f6nnen. Tr\u00e4ger ist der \u201eVerein zur Erforschung und Erhaltung des Seehundes e.V.\u201c. Besucher k\u00f6nnen hier durch Glasscheiben die<\/p>\n","protected":false},"author":2,"featured_media":0,"parent":0,"menu_order":0,"comment_status":"closed","ping_status":"closed","template":"","meta":{"footnotes":""},"class_list":["post-784","page","type-page","status-publish","hentry"],"_links":{"self":[{"href":"https:\/\/auf-reede-greetsiel.de\/index.php?rest_route=\/wp\/v2\/pages\/784","targetHints":{"allow":["GET"]}}],"collection":[{"href":"https:\/\/auf-reede-greetsiel.de\/index.php?rest_route=\/wp\/v2\/pages"}],"about":[{"href":"https:\/\/auf-reede-greetsiel.de\/index.php?rest_route=\/wp\/v2\/types\/page"}],"author":[{"embeddable":true,"href":"https:\/\/auf-reede-greetsiel.de\/index.php?rest_route=\/wp\/v2\/users\/2"}],"replies":[{"embeddable":true,"href":"https:\/\/auf-reede-greetsiel.de\/index.php?rest_route=%2Fwp%2Fv2%2Fcomments&post=784"}],"version-history":[{"count":1,"href":"https:\/\/auf-reede-greetsiel.de\/index.php?rest_route=\/wp\/v2\/pages\/784\/revisions"}],"predecessor-version":[{"id":785,"href":"https:\/\/auf-reede-greetsiel.de\/index.php?rest_route=\/wp\/v2\/pages\/784\/revisions\/785"}],"wp:attachment":[{"href":"https:\/\/auf-reede-greetsiel.de\/index.php?rest_route=%2Fwp%2Fv2%2Fmedia&parent=784"}],"curies":[{"name":"wp","href":"https:\/\/api.w.org\/{rel}","templated":true}]}}